{"id":41,"date":"2018-09-11T20:02:49","date_gmt":"2018-09-11T20:02:49","guid":{"rendered":"http:\/\/robipc.net\/?page_id=41"},"modified":"2019-08-03T08:36:35","modified_gmt":"2019-08-03T08:36:35","slug":"facebook","status":"publish","type":"page","link":"https:\/\/robipc.net\/index.php\/facebook\/","title":{"rendered":"Robipc Facebook"},"content":{"rendered":"\n<figure class=\"wp-block-embed-facebook wp-block-embed\"><div class=\"wp-block-embed__wrapper\">\nhttps:\/\/www.facebook.com\/Robipc.net\n<\/div><figcaption>Facebook ba\u011flant\u0131s\u0131d\u0131r  <a rel=\"noreferrer noopener\" aria-label=\" (yeni sekmede a\u00e7\u0131l\u0131r)\" href=\"https:\/\/www.facebook.com\/Robipc.net\" target=\"_blank\">https:\/\/www.facebook.com\/Robipc.net<\/a><\/figcaption><\/figure>\n\n\n\n<p>Siteye ait Baz\u0131 payla\u015f\u0131mlar Facebook \u00fczeirnden bu sayfadan payla\u015f\u0131lacakt\u0131r.<\/p>\n\n\n\n<figure class=\"wp-block-image\"><img loading=\"lazy\" width=\"1024\" height=\"623\" src=\"https:\/\/robipc.net\/wp-content\/uploads\/2019\/08\/Ashampoo_Snap_2019.08.03_00h58m29s_001_-1024x623.jpg\" alt=\"Facebook sayfas\u0131 bilgisi\" class=\"wp-image-102\" srcset=\"https:\/\/robipc.net\/wp-content\/uploads\/2019\/08\/Ashampoo_Snap_2019.08.03_00h58m29s_001_-1024x623.jpg 1024w, https:\/\/robipc.net\/wp-content\/uploads\/2019\/08\/Ashampoo_Snap_2019.08.03_00h58m29s_001_-300x183.jpg 300w, https:\/\/robipc.net\/wp-content\/uploads\/2019\/08\/Ashampoo_Snap_2019.08.03_00h58m29s_001_-768x467.jpg 768w, https:\/\/robipc.net\/wp-content\/uploads\/2019\/08\/Ashampoo_Snap_2019.08.03_00h58m29s_001_.jpg 1047w\" sizes=\"(max-width: 1024px) 100vw, 1024px\" \/><figcaption>Facebook sayfas\u0131 g\u00f6r\u00fcnt\u00fcs\u00fc<\/figcaption><\/figure>\n","protected":false},"excerpt":{"rendered":"<p>Siteye ait Baz\u0131 payla\u015f\u0131mlar Facebook \u00fczeirnden bu sayfadan payla\u015f\u0131lacakt\u0131r.<\/p>\n","protected":false},"author":1,"featured_media":0,"parent":0,"menu_order":0,"comment_status":"closed","ping_status":"closed","template":"","meta":[],"_links":{"self":[{"href":"https:\/\/robipc.net\/index.php\/wp-json\/wp\/v2\/pages\/41"}],"collection":[{"href":"https:\/\/robipc.net\/index.php\/wp-json\/wp\/v2\/pages"}],"about":[{"href":"https:\/\/robipc.net\/index.php\/wp-json\/wp\/v2\/types\/page"}],"author":[{"embeddable":true,"href":"https:\/\/robipc.net\/index.php\/wp-json\/wp\/v2\/users\/1"}],"replies":[{"embeddable":true,"href":"https:\/\/robipc.net\/index.php\/wp-json\/wp\/v2\/comments?post=41"}],"version-history":[{"count":4,"href":"https:\/\/robipc.net\/index.php\/wp-json\/wp\/v2\/pages\/41\/revisions"}],"predecessor-version":[{"id":304,"href":"https:\/\/robipc.net\/index.php\/wp-json\/wp\/v2\/pages\/41\/revisions\/304"}],"wp:attachment":[{"href":"https:\/\/robipc.net\/index.php\/wp-json\/wp\/v2\/media?parent=41"}],"curies":[{"name":"wp","href":"https:\/\/api.w.org\/{rel}","templated":true}]}}